{"id":16,"date":"2025-01-22T08:51:35","date_gmt":"2025-01-22T08:51:35","guid":{"rendered":"https:\/\/albertowinterberg.org\/?page_id=16"},"modified":"2025-04-26T09:11:09","modified_gmt":"2025-04-26T09:11:09","slug":"publications","status":"publish","type":"page","link":"https:\/\/albertowinterberg.org\/?page_id=16","title":{"rendered":"Publications"},"content":{"rendered":"\n<p>PhD dissertation<\/p>\n\n\n\n<ul class=\"wp-block-list\">\n<li><strong><a href=\"https:\/\/research.rug.nl\/en\/publications\/valentinus-redivivus-the-reception-and-reimagination-of-gnosticis\" data-type=\"link\" data-id=\"https:\/\/research.rug.nl\/en\/publications\/valentinus-redivivus-the-reception-and-reimagination-of-gnosticis\">Valentinus redivivus? The reception and reimagination of Gnosticism within the French Gnostic Churches.<\/a><\/strong> [Groningen]: University of Groningen, 2024. 188 p.<\/li>\n<\/ul>\n\n\n\n<p>Journal articles, book chapters, and book reviews<\/p>\n\n\n\n<ul class=\"wp-block-list\">\n<li><a href=\"https:\/\/www.degruyterbrill.com\/document\/doi\/10.1515\/9783111325125\/html?lang=en&amp;fbclid=IwY2xjawJ5gL5leHRuA2FlbQIxMQBicmlkETFRSHI2RFRtaUNUZ01lbENLAR74NwQK4f756ryHevRZ9IRcyTTQBc_ggF-tBsA6zerCNEv3V73xSwEgZyf-NQ_aem_kCoY88K7HUSuaQU2k4imcA\" data-type=\"link\" data-id=\"https:\/\/www.degruyterbrill.com\/document\/doi\/10.1515\/9783111325125\/html?lang=en&amp;fbclid=IwY2xjawJ5gL5leHRuA2FlbQIxMQBicmlkETFRSHI2RFRtaUNUZ01lbENLAR74NwQK4f756ryHevRZ9IRcyTTQBc_ggF-tBsA6zerCNEv3V73xSwEgZyf-NQ_aem_kCoY88K7HUSuaQU2k4imcA\"><strong>Authority and Memory within the French Gnostic Catholic Church. Reimagining Early Christianity in the Early 20th Century<\/strong>.  <\/a>                       In: Esoteric Catholicism \/ Esoterischer Katholizismus. ed. \/ Viktoria Vitanova-Kerber; Helmut Zander. Brill, 2025. p. 189-210 (Okkulte Moderne; vol. 8).<\/li>\n\n\n\n<li><strong>Between Rome and Girga: The Coptic Catholic Identity of Rufa&#8217;il al-Tukhi.<\/strong><br>Pharaonen, M\u00f6nche und Gelehrte: Auf dem Pilgerweg durch 5000 Jahre \u00e4gyptische Geschichte \u00fcber drei Kontinente. Heike Behlmer zum 65. Geburtstag. ed. \/ Diliana Atanassova; Frank Feder; Heike Sternberg el-Hotaby. Harassowitz Verlag, 2023. p. 971-980 (Texte und Studien zur Koptischen Bibel \/ Texts and Studies on the Coptic Bible; vol. 4).<\/li>\n\n\n\n<li><strong><em>Ancient Egypt in the Modern Imagination: Art Literature and Culture<\/em>, by Eleanor Dobson and Nichola Tonks (eds.).<\/strong><br>In: Aries, 17.08.2023.<\/li>\n\n\n\n<li><strong>Remembering the Gnostics: The mnemohistorical incorporation of Ancient Gnosticism within Neo-Gnostic Churches.<\/strong><br>In: La Rosa di Paracelso, Vol. 2018, No. 1-2, 2018, p. 47-64.<\/li>\n<\/ul>\n\n\n\n<p>Outreach<\/p>\n\n\n\n<ul class=\"wp-block-list\">\n<li><strong><a href=\"https:\/\/www.vaticannews.va\/en\/church\/news\/2023-05\/coptic-christians-preserve-an-immeasurable-treasure.html\" data-type=\"link\" data-id=\"https:\/\/www.vaticannews.va\/en\/church\/news\/2023-05\/coptic-christians-preserve-an-immeasurable-treasure.html\">Coptic Christians preserve &#8216;an immeasurable treasure&#8217;<\/a><\/strong> An interview given to Vatican News, 10 May 2023.<\/li>\n\n\n\n<li><a href=\"https:\/\/www.vaticannews.va\/pl\/swiat\/news\/2023-05\/koptowie-dlugo-przesladowana-wspolnota-o-starozytnej-tradycji.html\" data-type=\"link\" data-id=\"https:\/\/www.vaticannews.va\/pl\/swiat\/news\/2023-05\/koptowie-dlugo-przesladowana-wspolnota-o-starozytnej-tradycji.html\"><strong>Koptowie: d\u0142ugo prze\u015bladowana wsp\u00f3lnota o staro\u017cytnej tradycji<\/strong> <\/a>Polish version of the Vatican News interview, 09 May 2023.<\/li>\n<\/ul>\n\n\n\n<p>Other publications<\/p>\n\n\n\n<ul class=\"wp-block-list\">\n<li><strong>Die Christen vom Nil an der Weser: Koptische Zentren m\u00f6nchischen Lebens in Deutschland. Das koptisch-orthodoxe Kloster H\u00f6xter-Brenkhausen. <\/strong> \/ Agaiby, Elizabeth; Atanassova, Diliana; Behlmer, Heike (Editor) et al.<br>G\u00f6ttingen: Georg-August-Universit\u00e4t, 2016.<\/li>\n<\/ul>\n\n\n\n<p><\/p>\n","protected":false},"excerpt":{"rendered":"<p>PhD dissertation Journal articles, book chapters, and book reviews Outreach Other publications<\/p>\n","protected":false},"author":1,"featured_media":0,"parent":0,"menu_order":3,"comment_status":"closed","ping_status":"closed","template":"","meta":{"footnotes":""},"class_list":["post-16","page","type-page","status-publish","hentry"],"_links":{"self":[{"href":"https:\/\/albertowinterberg.org\/index.php?rest_route=\/wp\/v2\/pages\/16","targetHints":{"allow":["GET"]}}],"collection":[{"href":"https:\/\/albertowinterberg.org\/index.php?rest_route=\/wp\/v2\/pages"}],"about":[{"href":"https:\/\/albertowinterberg.org\/index.php?rest_route=\/wp\/v2\/types\/page"}],"author":[{"embeddable":true,"href":"https:\/\/albertowinterberg.org\/index.php?rest_route=\/wp\/v2\/users\/1"}],"replies":[{"embeddable":true,"href":"https:\/\/albertowinterberg.org\/index.php?rest_route=%2Fwp%2Fv2%2Fcomments&post=16"}],"version-history":[{"count":4,"href":"https:\/\/albertowinterberg.org\/index.php?rest_route=\/wp\/v2\/pages\/16\/revisions"}],"predecessor-version":[{"id":37,"href":"https:\/\/albertowinterberg.org\/index.php?rest_route=\/wp\/v2\/pages\/16\/revisions\/37"}],"wp:attachment":[{"href":"https:\/\/albertowinterberg.org\/index.php?rest_route=%2Fwp%2Fv2%2Fmedia&parent=16"}],"curies":[{"name":"wp","href":"https:\/\/api.w.org\/{rel}","templated":true}]}}