{"id":18,"date":"2025-01-22T08:53:05","date_gmt":"2025-01-22T08:53:05","guid":{"rendered":"https:\/\/albertowinterberg.org\/?page_id=18"},"modified":"2025-02-04T09:34:25","modified_gmt":"2025-02-04T09:34:25","slug":"cv","status":"publish","type":"page","link":"https:\/\/albertowinterberg.org\/IT\/?page_id=18","title":{"rendered":"CV"},"content":{"rendered":"\n<p>09\/2020\u201311\/2024: Dottorato di ricerca presso l\u2019<strong>Universit\u00e0 di Groninga<\/strong>, Paesi Bassi, Scuola di Dottorato della<strong> Facolt\u00e0 di Religione, Cultura e Societ\u00e0<\/strong>, sotto la supervisione del Prof. Lautaro Roig Lanzillotta.<\/p>\n\n\n\n<p>01\/2022\u201302\/2022: Borsista di Dottorato presso il <strong>Koninklijk Nederlands Instituut Rome (KNIR)<\/strong>.<\/p>\n\n\n\n<p>05\/2018\u201308\/2020: Ricercatore Associato presso l\u2019<strong>Universit\u00e0 di Oldenburg<\/strong>, Germania e <strong>The National Archives<\/strong>, Londra, progetto \u201c<strong>Prize Papers Project<\/strong>\u201c.<\/p>\n\n\n\n<p>02\/2016\u201304\/2018: Ricercatore Associato presso la <strong>Freie Universit\u00e4t di Berlino<\/strong>, progetto \u201c<strong>Database and Dictionary of Greek Loanwords in Coptic<\/strong>\u201c, Seminario di Egittologia.<\/p>\n\n\n\n<p>10\/2016\u201312\/2016: Ricercatore ospite presso il <strong>Neues Museum (Museo Egizio di Berlino)<\/strong>.<\/p>\n\n\n\n<p>01\/2015\u201312\/2015: Assistente presso il progetto \u201c<strong>Edizione Digitale e Traduzione dell\u2019Antico Testamento Copto-Sahidico<\/strong>\u201d, <strong>Accademia delle Scienze e delle Lettere di Gottinga<\/strong>.<\/p>\n\n\n\n<p><\/p>\n","protected":false},"excerpt":{"rendered":"<p>09\/2020\u201311\/2024: Dottorato di ricerca presso l\u2019Universit\u00e0 di Groninga, Paesi Bassi, Scuola di Dottorato della Facolt\u00e0 di Religione, Cultura e Societ\u00e0, sotto la supervisione del Prof. Lautaro Roig Lanzillotta. 01\/2022\u201302\/2022: Borsista di Dottorato presso il Koninklijk Nederlands Instituut Rome (KNIR). 05\/2018\u201308\/2020: Ricercatore Associato presso l\u2019Universit\u00e0 di Oldenburg, Germania e The National Archives, Londra, progetto \u201cPrize Papers [&hellip;]<\/p>\n","protected":false},"author":1,"featured_media":0,"parent":0,"menu_order":2,"comment_status":"closed","ping_status":"closed","template":"","meta":{"footnotes":""},"class_list":["post-18","page","type-page","status-publish","hentry"],"_links":{"self":[{"href":"https:\/\/albertowinterberg.org\/IT\/index.php?rest_route=\/wp\/v2\/pages\/18","targetHints":{"allow":["GET"]}}],"collection":[{"href":"https:\/\/albertowinterberg.org\/IT\/index.php?rest_route=\/wp\/v2\/pages"}],"about":[{"href":"https:\/\/albertowinterberg.org\/IT\/index.php?rest_route=\/wp\/v2\/types\/page"}],"author":[{"embeddable":true,"href":"https:\/\/albertowinterberg.org\/IT\/index.php?rest_route=\/wp\/v2\/users\/1"}],"replies":[{"embeddable":true,"href":"https:\/\/albertowinterberg.org\/IT\/index.php?rest_route=%2Fwp%2Fv2%2Fcomments&post=18"}],"version-history":[{"count":4,"href":"https:\/\/albertowinterberg.org\/IT\/index.php?rest_route=\/wp\/v2\/pages\/18\/revisions"}],"predecessor-version":[{"id":53,"href":"https:\/\/albertowinterberg.org\/IT\/index.php?rest_route=\/wp\/v2\/pages\/18\/revisions\/53"}],"wp:attachment":[{"href":"https:\/\/albertowinterberg.org\/IT\/index.php?rest_route=%2Fwp%2Fv2%2Fmedia&parent=18"}],"curies":[{"name":"wp","href":"https:\/\/api.w.org\/{rel}","templated":true}]}}