{"id":16,"date":"2025-01-22T08:51:35","date_gmt":"2025-01-22T08:51:35","guid":{"rendered":"https:\/\/albertowinterberg.org\/?page_id=16"},"modified":"2025-02-04T09:30:44","modified_gmt":"2025-02-04T09:30:44","slug":"publications","status":"publish","type":"page","link":"https:\/\/albertowinterberg.org\/IT\/?page_id=16","title":{"rendered":"Pubblicazioni"},"content":{"rendered":"\n<p>Dissertazione di dottorato<\/p>\n\n\n\n<ul class=\"wp-block-list\">\n<li><strong><a href=\"https:\/\/research.rug.nl\/en\/publications\/valentinus-redivivus-the-reception-and-reimagination-of-gnosticis\" data-type=\"link\" data-id=\"https:\/\/research.rug.nl\/en\/publications\/valentinus-redivivus-the-reception-and-reimagination-of-gnosticis\">Valentinus redivivus? The reception and reimagination of Gnosticism within the French Gnostic Churches.<\/a><\/strong> [Groningen]: University of Groningen, 2024. 188 p.<\/li>\n<\/ul>\n\n\n\n<p>Articoli di riviste, capitoli di libri e recensioni di libri<\/p>\n\n\n\n<ul class=\"wp-block-list\">\n<li><strong>Between Rome and Girga: The Coptic Catholic Identity of Rufa&#8217;il al-Tukhi.<\/strong><br>Pharaonen, M\u00f6nche und Gelehrte: Auf dem Pilgerweg durch 5000 Jahre \u00e4gyptische Geschichte \u00fcber drei Kontinente. Heike Behlmer zum 65. Geburtstag. ed. \/ Diliana Atanassova; Frank Feder; Heike Sternberg el-Hotaby. Harassowitz Verlag, 2023. p. 971-980 (Texte und Studien zur Koptischen Bibel \/ Texts and Studies on the Coptic Bible; Vol. 4).<\/li>\n\n\n\n<li><strong><em>Ancient Egypt in the Modern Imagination: Art Literature and Culture<\/em>, by Eleanor Dobson and Nichola Tonks (eds.).<\/strong><br>In: Aries, 17.08.2023.<\/li>\n\n\n\n<li><strong>Remembering the Gnostics: The mnemohistorical incorporation of Ancient Gnosticism within Neo-Gnostic Churches.<\/strong><br>In: La Rosa di Paracelso, Vol. 2018, No. 1-2, 2018, p. 47-64.<\/li>\n<\/ul>\n\n\n\n<p>Interviste<\/p>\n\n\n\n<ul class=\"wp-block-list\">\n<li><strong><a href=\"https:\/\/www.vaticannews.va\/en\/church\/news\/2023-05\/coptic-christians-preserve-an-immeasurable-treasure.html\" data-type=\"link\" data-id=\"https:\/\/www.vaticannews.va\/en\/church\/news\/2023-05\/coptic-christians-preserve-an-immeasurable-treasure.html\">Coptic Christians preserve &#8216;an immeasurable treasure&#8217;<\/a><\/strong> Un&#8217; intervista rilasciata a Vatican News, 10 maggio 2023.<\/li>\n\n\n\n<li><a href=\"https:\/\/www.vaticannews.va\/pl\/swiat\/news\/2023-05\/koptowie-dlugo-przesladowana-wspolnota-o-starozytnej-tradycji.html\" data-type=\"link\" data-id=\"https:\/\/www.vaticannews.va\/pl\/swiat\/news\/2023-05\/koptowie-dlugo-przesladowana-wspolnota-o-starozytnej-tradycji.html\"><strong>Koptowie: d\u0142ugo prze\u015bladowana wsp\u00f3lnota o staro\u017cytnej tradycji<\/strong> <\/a>Versione polacca dell&#8217;intervista, 09 maggio 2023.<\/li>\n<\/ul>\n\n\n\n<p>Altre pubblicazioni<\/p>\n\n\n\n<ul class=\"wp-block-list\">\n<li><strong>Die Christen vom Nil an der Weser: Koptische Zentren m\u00f6nchischen Lebens in Deutschland. Das koptisch-orthodoxe Kloster H\u00f6xter-Brenkhausen. <\/strong> \/ Agaiby, Elizabeth; Atanassova, Diliana; Behlmer, Heike (Editor) et al.<br>G\u00f6ttingen: Georg-August-Universit\u00e4t, 2016.<\/li>\n<\/ul>\n\n\n\n<p><\/p>\n","protected":false},"excerpt":{"rendered":"<p>Dissertazione di dottorato Articoli di riviste, capitoli di libri e recensioni di libri Interviste Altre pubblicazioni<\/p>\n","protected":false},"author":1,"featured_media":0,"parent":0,"menu_order":3,"comment_status":"closed","ping_status":"closed","template":"","meta":{"footnotes":""},"class_list":["post-16","page","type-page","status-publish","hentry"],"_links":{"self":[{"href":"https:\/\/albertowinterberg.org\/IT\/index.php?rest_route=\/wp\/v2\/pages\/16","targetHints":{"allow":["GET"]}}],"collection":[{"href":"https:\/\/albertowinterberg.org\/IT\/index.php?rest_route=\/wp\/v2\/pages"}],"about":[{"href":"https:\/\/albertowinterberg.org\/IT\/index.php?rest_route=\/wp\/v2\/types\/page"}],"author":[{"embeddable":true,"href":"https:\/\/albertowinterberg.org\/IT\/index.php?rest_route=\/wp\/v2\/users\/1"}],"replies":[{"embeddable":true,"href":"https:\/\/albertowinterberg.org\/IT\/index.php?rest_route=%2Fwp%2Fv2%2Fcomments&post=16"}],"version-history":[{"count":7,"href":"https:\/\/albertowinterberg.org\/IT\/index.php?rest_route=\/wp\/v2\/pages\/16\/revisions"}],"predecessor-version":[{"id":51,"href":"https:\/\/albertowinterberg.org\/IT\/index.php?rest_route=\/wp\/v2\/pages\/16\/revisions\/51"}],"wp:attachment":[{"href":"https:\/\/albertowinterberg.org\/IT\/index.php?rest_route=%2Fwp%2Fv2%2Fmedia&parent=16"}],"curies":[{"name":"wp","href":"https:\/\/api.w.org\/{rel}","templated":true}]}}